{"id":56,"date":"2024-01-16T22:45:32","date_gmt":"2024-01-16T22:45:32","guid":{"rendered":"https:\/\/gaming4coding.eduproject.eu\/?page_id=56"},"modified":"2024-02-15T08:38:55","modified_gmt":"2024-02-15T08:38:55","slug":"publications","status":"publish","type":"page","link":"https:\/\/gaming4coding.eduproject.eu\/?page_id=56","title":{"rendered":"Publications"},"content":{"rendered":"\n<p>Here you can find a list of publications to download. All the publications have been created related to Code Quest and the Gaming4Coding project.<\/p>\n\n\n\n<div style=\"height:40px\" aria-hidden=\"true\" class=\"wp-block-spacer\"><\/div>\n\n\n\n<div class=\"wp-block-file\"><a id=\"wp-block-file--media-e1e8af4e-1632-43c8-a1f1-49f58ee71685\" href=\"https:\/\/gaming4coding.eduproject.eu\/wp-content\/uploads\/2024\/02\/Development-of-an-Enjoyable-Educational-Game-on-Fundamental-Programming-Designing-for-Inclusion-and-Learning-Analytics-1.pdf\">Development-of-an-Enjoyable-Educational-Game-on-Fundamental-Programming-Designing-for-Inclusion-and-Learning-Analytics-1<\/a><a href=\"https:\/\/gaming4coding.eduproject.eu\/wp-content\/uploads\/2024\/02\/Development-of-an-Enjoyable-Educational-Game-on-Fundamental-Programming-Designing-for-Inclusion-and-Learning-Analytics-1.pdf\" class=\"wp-block-file__button wp-element-button\" download aria-describedby=\"wp-block-file--media-e1e8af4e-1632-43c8-a1f1-49f58ee71685\">Download<\/a><\/div>\n\n\n\n<p>Mozelius, P., Pechuel, R., Fern\u00e1ndez-Manj\u00f3n, B., Kreuzberg, T., Humble, N., &amp; S\u00e4llvin, L. (2023). Development of an Enjoyable Educational Game on Fundamental Programming: Designing for Inclusion and Learning Analytics. In&nbsp;<em>Proceedings of the 17th European Conference on Game-Based Learning: ECGBL 2023<\/em>. Academic Conferences and publishing limited.&nbsp;<\/p>\n\n\n\n<hr class=\"wp-block-separator has-alpha-channel-opacity\"\/>\n\n\n\n<div class=\"wp-block-file\"><a id=\"wp-block-file--media-59ea5d1e-a18d-4716-83cf-620873981852\" href=\"https:\/\/gaming4coding.eduproject.eu\/wp-content\/uploads\/2024\/02\/Educational-Game-Design-for-Girls-and-Boys-Towards-an-Inclusive-Conceptual-Model-for-Learning-Programming-1.pdf\">Educational-Game-Design-for-Girls-and-Boys-Towards-an-Inclusive-Conceptual-Model-for-Learning-Programming-1<\/a><a href=\"https:\/\/gaming4coding.eduproject.eu\/wp-content\/uploads\/2024\/02\/Educational-Game-Design-for-Girls-and-Boys-Towards-an-Inclusive-Conceptual-Model-for-Learning-Programming-1.pdf\" class=\"wp-block-file__button wp-element-button\" download aria-describedby=\"wp-block-file--media-59ea5d1e-a18d-4716-83cf-620873981852\">Download<\/a><\/div>\n\n\n\n<p>Mozelius, P., &amp; Humble, N. (2023). Educational Game Design for Girls and Boys: Towards an Inclusive Conceptual Model for Learning Programming.&nbsp;<em>EAI Endorsed Transactions on Creative Technologies<\/em>,&nbsp;<em>10<\/em>.&nbsp;<\/p>\n\n\n\n<hr class=\"wp-block-separator has-alpha-channel-opacity\"\/>\n\n\n\n<div class=\"wp-block-file\"><a id=\"wp-block-file--media-e70897c0-2ac4-4d64-b854-c6b3038994be\" href=\"https:\/\/gaming4coding.eduproject.eu\/wp-content\/uploads\/2024\/02\/3Games4Coding-DoGirlsFeelWelcome-1.pdf\">3Games4Coding-DoGirlsFeelWelcome-1<\/a><a href=\"https:\/\/gaming4coding.eduproject.eu\/wp-content\/uploads\/2024\/02\/3Games4Coding-DoGirlsFeelWelcome-1.pdf\" class=\"wp-block-file__button wp-element-button\" download aria-describedby=\"wp-block-file--media-e70897c0-2ac4-4d64-b854-c6b3038994be\">Download<\/a><\/div>\n\n\n\n<p>S\u00e4llvin, L., Mozelius, P., &amp; Humble, N. (2023). 3 Games 4 Coding\u2013Do girls feel welcome?. In&nbsp;<em>INTED2023 In Proceedings of the 17th annual International Technology, Education and Development Conference<\/em>&nbsp;(pp. 4612-4620). IATED.&nbsp;<\/p>\n\n\n\n<hr class=\"wp-block-separator has-alpha-channel-opacity\"\/>\n\n\n\n<div class=\"wp-block-file\"><a id=\"wp-block-file--media-c3b5ce92-dd58-4a34-aa12-98f9240c20b5\" href=\"https:\/\/gaming4coding.eduproject.eu\/wp-content\/uploads\/2024\/02\/Design_Factors_for_an_Educational_Game_where_Girls_and_Boys_Play_Together_to_Learn_Fundamental_Programming-2.pdf\">Design_Factors_for_an_Educational_Game_where_Girls_and_Boys_Play_Together_to_Learn_Fundamental_Programming-2<\/a><a href=\"https:\/\/gaming4coding.eduproject.eu\/wp-content\/uploads\/2024\/02\/Design_Factors_for_an_Educational_Game_where_Girls_and_Boys_Play_Together_to_Learn_Fundamental_Programming-2.pdf\" class=\"wp-block-file__button wp-element-button\" download aria-describedby=\"wp-block-file--media-c3b5ce92-dd58-4a34-aa12-98f9240c20b5\">Download<\/a><\/div>\n\n\n\n<p>Mozelius, P., &amp; Humble, N. (2022). Design Factors for an Educational Game where Girls and Boys Play Together to Learn Fundamental Programming. In&nbsp;<em>International Conference on ArtsIT, Interactivity and Game Creation<\/em>&nbsp;(pp. 134-148). Cham: Springer Nature Switzerland.&nbsp;<\/p>\n\n\n\n<hr class=\"wp-block-separator has-alpha-channel-opacity\"\/>\n\n\n\n<div class=\"wp-block-file\"><a id=\"wp-block-file--media-54741af7-a33a-4067-8bb9-e16f1a57bed3\" href=\"https:\/\/gaming4coding.eduproject.eu\/wp-content\/uploads\/2024\/02\/How-to-get-the-girls-Gaming-1.pdf\">How-to-get-the-girls-Gaming-1<\/a><a href=\"https:\/\/gaming4coding.eduproject.eu\/wp-content\/uploads\/2024\/02\/How-to-get-the-girls-Gaming-1.pdf\" class=\"wp-block-file__button wp-element-button\" download aria-describedby=\"wp-block-file--media-54741af7-a33a-4067-8bb9-e16f1a57bed3\">Download<\/a><\/div>\n\n\n\n<p>Mozelius, P., Humble, N., S\u00e4llvin, L., \u00d6berg, L. M., Pechuel, R., &amp; Fern\u00e1ndez-Manj\u00f3n, B. (2022). How to get the girls Gaming: A Literature Study on Inclusive Design. In&nbsp;<em>16th European Conference on Game Based Learning (ECGBL 2022). Academic Conferences International Limited<\/em>.&nbsp;<\/p>\n\n\n\n<hr class=\"wp-block-separator has-alpha-channel-opacity\"\/>\n\n\n\n<div class=\"wp-block-file\"><a id=\"wp-block-file--media-32f9def5-42bc-454e-ba85-c595d39bb878\" href=\"https:\/\/gaming4coding.eduproject.eu\/wp-content\/uploads\/2024\/01\/On-design-of-inclusive-and-enjoyable-educational-games-The-Gaming4Coding-concept.pdf\">On-design-of-inclusive-and-enjoyable-educational-games-The-Gaming4Coding-concept<\/a><a href=\"https:\/\/gaming4coding.eduproject.eu\/wp-content\/uploads\/2024\/01\/On-design-of-inclusive-and-enjoyable-educational-games-The-Gaming4Coding-concept.pdf\" class=\"wp-block-file__button wp-element-button\" download aria-describedby=\"wp-block-file--media-32f9def5-42bc-454e-ba85-c595d39bb878\">Download<\/a><\/div>\n\n\n\n<p>On design of inclusive and enjoyable educational games- The Gaming4Coding concept &#8211; Abstract<\/p>\n","protected":false},"excerpt":{"rendered":"<p>Here you can find a list of publications to download. All the publications have been created related to Code Quest and the Gaming4Coding project. Mozelius, P., Pechuel, R., Fern\u00e1ndez-Manj\u00f3n, B., Kreuzberg, T., Humble, N., &amp; S\u00e4llvin, L. (2023). Development of an Enjoyable Educational Game on Fundamental Programming: Designing for Inclusion&#8230;<\/p>\n","protected":false},"author":1,"featured_media":0,"parent":0,"menu_order":0,"comment_status":"closed","ping_status":"closed","template":"","meta":{"footnotes":""},"class_list":["post-56","page","type-page","status-publish","hentry"],"_links":{"self":[{"href":"https:\/\/gaming4coding.eduproject.eu\/index.php?rest_route=\/wp\/v2\/pages\/56","targetHints":{"allow":["GET"]}}],"collection":[{"href":"https:\/\/gaming4coding.eduproject.eu\/index.php?rest_route=\/wp\/v2\/pages"}],"about":[{"href":"https:\/\/gaming4coding.eduproject.eu\/index.php?rest_route=\/wp\/v2\/types\/page"}],"author":[{"embeddable":true,"href":"https:\/\/gaming4coding.eduproject.eu\/index.php?rest_route=\/wp\/v2\/users\/1"}],"replies":[{"embeddable":true,"href":"https:\/\/gaming4coding.eduproject.eu\/index.php?rest_route=%2Fwp%2Fv2%2Fcomments&post=56"}],"version-history":[{"count":7,"href":"https:\/\/gaming4coding.eduproject.eu\/index.php?rest_route=\/wp\/v2\/pages\/56\/revisions"}],"predecessor-version":[{"id":138,"href":"https:\/\/gaming4coding.eduproject.eu\/index.php?rest_route=\/wp\/v2\/pages\/56\/revisions\/138"}],"wp:attachment":[{"href":"https:\/\/gaming4coding.eduproject.eu\/index.php?rest_route=%2Fwp%2Fv2%2Fmedia&parent=56"}],"curies":[{"name":"wp","href":"https:\/\/api.w.org\/{rel}","templated":true}]}}