{"id":14,"date":"2024-01-13T03:28:30","date_gmt":"2024-01-13T03:28:30","guid":{"rendered":"https:\/\/gaming4coding.eduproject.eu\/?page_id=14"},"modified":"2024-02-15T02:11:04","modified_gmt":"2024-02-15T02:11:04","slug":"disclaimer","status":"publish","type":"page","link":"https:\/\/gaming4coding.eduproject.eu\/?page_id=14","title":{"rendered":"Disclaimer"},"content":{"rendered":"\n<p>Information according to \u00a7 5 TMG<\/p>\n\n\n\n<p>Rasmus Pechuel-Loesche<\/p>\n\n\n\n<p>Ingenious Knowledge GmbH<\/p>\n\n\n\n<p>VAT ID No.: DE272904032<\/p>\n\n\n\n<p>Friedrich-Karl-Str. 200<\/p>\n\n\n\n<p>50735 Cologne<\/p>\n\n\n\n<p>E-Mail: ceo [at] ingeniousknowledge.com<\/p>\n\n\n\n<p>Local court Cologne HRB 68816<\/p>\n\n\n\n<p>Authorized representative: Rasmus Pechuel-Loesche<\/p>\n\n\n\n<p>Disclaimer of liability:<\/p>\n\n\n\n<p>Liability for content<\/p>\n\n\n\n<p>The content of our website has been created with the utmost care. However, we cannot accept any liability for the accuracy, completeness and topicality of the content. As a service provider, we are responsible for our own content on these pages in accordance with \u00a7 7 para. 1 TMG (German Telemedia Act) and general laws. According to \u00a7\u00a7 8 to 10 TMG, however, we as a service provider are not obliged to monitor transmitted or stored third-party information or to investigate circumstances that indicate illegal activity. Obligations to remove or block the use of information in accordance with general legislation remain unaffected by this. However, liability in this respect is only possible from the time of knowledge of a specific infringement. As soon as we become aware of such infringements, we will remove this content immediately.<\/p>\n\n\n\n<p>Liability for links<\/p>\n\n\n\n<p>Our website contains links to external third-party websites over whose content we have no influence. Therefore, we cannot accept any liability for this third-party content. The respective provider or operator of the pages is always responsible for the content of the linked pages. The linked pages were checked for possible legal violations at the time of linking. Illegal content was not recognizable at the time of linking. However, permanent monitoring of the content of the linked pages is not reasonable without concrete evidence of an infringement. If we become aware of any legal infringements, we will remove such links immediately.<\/p>\n\n\n\n<p>Copyright<\/p>\n\n\n\n<p>The content and works created by the site operators on these pages are subject to German copyright law. Duplication, processing, distribution and any kind of exploitation outside the limits of copyright law require the written consent of the respective author or creator. Downloads and copies of this site are only permitted for private, non-commercial use. Insofar as the content on this site was not created by the operator, the copyrights of third parties are respected. In particular, third-party content is identified as such. Should you nevertheless become aware of a copyright infringement, please inform us accordingly. If we become aware of any infringements, we will remove such content immediately.<\/p>\n\n\n\n<p>Data protection<\/p>\n\n\n\n<p>The use of our website is generally possible without providing personal data. If personal data (e.g. name, address or e-mail addresses) is collected on our website, this is always done on a voluntary basis as far as possible. This data will not be passed on to third parties without your express consent. We would like to point out that data transmission over the Internet (e.g. when communicating by e-mail) may be subject to security vulnerabilities. Complete protection of data against access by third parties is not possible.<br>We hereby expressly prohibit the use of contact data published within the scope of the imprint obligation by third parties for sending unsolicited advertising and information material. The operators of the website expressly reserve the right to take legal action in the event of the unsolicited sending of advertising information, such as spam e-mails.<\/p>\n\n\n\n<p>Google AdSense<\/p>\n\n\n\n<p>This website uses Google Adsense, a web advertising service of Google Inc, USA (&#8220;Google&#8221;). Google Adsense uses so-called &#8220;cookies&#8221; (text files), which are stored on your computer and enable your use of the website to be analyzed. Google Adsense also uses so-called &#8220;web beacons&#8221; (small invisible graphics) to collect information. By using the web beacon, simple actions such as visitor traffic on the website can be recorded and collected. The information generated by the cookie and\/or web beacon about your use of the website (including your IP address) will be transmitted to and stored by Google on servers in the United States. Google will use this information for the purpose of evaluating your use of the website with regard to the advertisements, compiling reports on website activity and advertisements for website operators and providing other services relating to website activity and internet usage. Google may also transfer this information to third parties where required to do so by law, or where such third parties process the information on Google&#8217;s behalf. Google will not associate your IP address with any other data held by Google. You can prevent the storage of cookies on your hard disk and the display of web beacons by selecting &#8220;Do not accept cookies&#8221; in your browser settings (in MS Internet Explorer under &#8220;Tools &gt; Internet Options &gt; Privacy &gt; Settings&#8221;; in Firefox under &#8220;Tools &gt; Settings &gt; Privacy &gt; Cookies&#8221;); however, we would like to point out that in this case you may not be able to use all functions of this website to their full extent. By using this website, you consent to the processing of data about you by Google in the manner and for the purposes set out above.<\/p>\n\n\n\n<p>Alternative Dispute Resolution in accordance with Art. 14 (1) ODR-VO and \u00a7 36 VSBG:<\/p>\n\n\n\n<p>The European commission provides a platform for online dispute resolution (OS) which is accessible at https:\/\/ec.europa.eu\/consumers\/odr. Consumers may use this platform for the settlements of their disputes. We are in principle prepared to participate in an extrajudicial arbitration proceeding.<\/p>\n\n\n\n<p><\/p>\n\n\n\n<hr class=\"wp-block-separator has-alpha-channel-opacity\"\/>\n\n\n\n<figure class=\"wp-block-table\"><table><tbody><tr><td><strong>Language<\/strong><\/td><td><strong>Disclaimer<\/strong><\/td><\/tr><tr><td>BG<\/td><td>\u0424\u0438\u043d\u0430\u043d\u0441\u0438\u0440\u0430\u043d\u043e \u043e\u0442 \u0415\u0432\u0440\u043e\u043f\u0435\u0439\u0441\u043a\u0438\u044f \u0441\u044a\u044e\u0437. \u0418\u0437\u0440\u0430\u0437\u0435\u043d\u0438\u0442\u0435 \u0432\u044a\u0437\u0433\u043b\u0435\u0434\u0438 \u0438 \u043c\u043d\u0435\u043d\u0438\u044f \u043e\u0431\u0430\u0447\u0435 \u043f\u0440\u0438\u043d\u0430\u0434\u043b\u0435\u0436\u0430\u0442 \u0438\u0437\u0446\u044f\u043b\u043e \u043d\u0430 \u0442\u0435\u0445\u043d\u0438\u044f(\u0438\u0442\u0435) \u0430\u0432\u0442\u043e\u0440(\u0438) \u0438 \u043d\u0435 \u043e\u0442\u0440\u0430\u0437\u044f\u0432\u0430\u0442 \u043d\u0435\u043f\u0440\u0435\u043c\u0435\u043d\u043d\u043e \u0432\u044a\u0437\u0433\u043b\u0435\u0434\u0438\u0442\u0435 \u0438 \u043c\u043d\u0435\u043d\u0438\u044f\u0442\u0430 \u043d\u0430 \u0415\u0432\u0440\u043e\u043f\u0435\u0439\u0441\u043a\u0438\u044f \u0441\u044a\u044e\u0437 \u0438\u043b\u0438 \u043d\u0430 \u0415\u0432\u0440\u043e\u043f\u0435\u0439\u0441\u043a\u0430\u0442\u0430 \u0438\u0437\u043f\u044a\u043b\u043d\u0438\u0442\u0435\u043b\u043d\u0430 \u0430\u0433\u0435\u043d\u0446\u0438\u044f \u0437\u0430 \u043e\u0431\u0440\u0430\u0437\u043e\u0432\u0430\u043d\u0438\u0435 \u0438 \u043a\u0443\u043b\u0442\u0443\u0440\u0430 (EACEA). \u0417\u0430 \u0442\u044f\u0445 \u043d\u0435 \u043d\u043e\u0441\u0438 \u043e\u0442\u0433\u043e\u0432\u043e\u0440\u043d\u043e\u0441\u0442 \u043d\u0438\u0442\u043e \u0415\u0432\u0440\u043e\u043f\u0435\u0439\u0441\u043a\u0438\u044f\u0442 \u0441\u044a\u044e\u0437, \u043d\u0438\u0442\u043e EACEA.<\/td><\/tr><tr><td>CS<\/td><td>Financov\u00e1no Evropskou uni\u00ed. N\u00e1zory vyj\u00e1d\u0159en\u00e9 jsou n\u00e1zory autora a neodr\u00e1\u017e\u00ed nutn\u011b ofici\u00e1ln\u00ed stanovisko Evropsk\u00e9 unie \u010di Evrosk\u00e9 v\u00fdkonn\u00e9 agentury pro vzd\u011bl\u00e1v\u00e1n\u00ed a kulturu (EACEA).&nbsp; Evropsk\u00e1 unie ani EACEA za vyj\u00e1d\u0159en\u00e9 n\u00e1zory nenese odpov\u011bdnost.<\/td><\/tr><tr><td>DA<\/td><td>Finansieret af Den Europ\u00e6iske Union. Synspunkter og holdninger, der kommer til udtryk, er udelukkende forfatterens\/forfatternes og er ikke n\u00f8vendigvis udtryk for Den Europ\u00e6iske Unions eller Det Europ\u00e6iske Forvaltningsorgan for Uddannelse og Kulturs (EACEA) officielle holdning. Hverken den Europ\u00e6iske Union eller EACEA kan holdes ansvarlig herfor.<\/td><\/tr><tr><td>DE<\/td><td>Von der Europ\u00e4ischen Union finanziert. Die ge\u00e4u\u00dferten Ansichten und Meinungen entsprechen jedoch ausschlie\u00dflich denen des Autors bzw. der Autoren und spiegeln nicht zwingend die der Europ\u00e4ischen Union oder der Europ\u00e4ischen Exekutivagentur f\u00fcr Bildung und Kultur (EACEA) wider. Weder die Europ\u00e4ische Union noch die EACEA k\u00f6nnen daf\u00fcr verantwortlich gemacht werden.<\/td><\/tr><tr><td>EL<\/td><td>\u039c\u03b5 \u03c4\u03b7 \u03c7\u03c1\u03b7\u03bc\u03b1\u03c4\u03bf\u03b4\u03cc\u03c4\u03b7\u03c3\u03b7 \u03c4\u03b7\u03c2 \u0395\u03c5\u03c1\u03c9\u03c0\u03b1\u03ca\u03ba\u03ae\u03c2 \u0388\u03bd\u03c9\u03c3\u03b7\u03c2. \u039f\u03b9 \u03b1\u03c0\u03cc\u03c8\u03b5\u03b9\u03c2 \u03ba\u03b1\u03b9 \u03bf\u03b9 \u03b3\u03bd\u03ce\u03bc\u03b5\u03c2 \u03c0\u03bf\u03c5 \u03b4\u03b9\u03b1\u03c4\u03c5\u03c0\u03ce\u03bd\u03bf\u03bd\u03c4\u03b1\u03b9 \u03b5\u03ba\u03c6\u03c1\u03ac\u03b6\u03bf\u03c5\u03bd \u03b1\u03c0\u03bf\u03ba\u03bb\u03b5\u03b9\u03c3\u03c4\u03b9\u03ba\u03ac \u03c4\u03b9\u03c2 \u03b1\u03c0\u03cc\u03c8\u03b5\u03b9\u03c2 \u03c4\u03c9\u03bd \u03c3\u03c5\u03bd\u03c4\u03b1\u03ba\u03c4\u03ce\u03bd \u03ba\u03b1\u03b9 \u03b4\u03b5\u03bd \u03b1\u03bd\u03c4\u03b9\u03c0\u03c1\u03bf\u03c3\u03c9\u03c0\u03b5\u03cd\u03bf\u03c5\u03bd \u03ba\u03b1\u03c4&#8217;\u03b1\u03bd\u03ac\u03b3\u03ba\u03b7 \u03c4\u03b9\u03c2 \u03b1\u03c0\u03cc\u03c8\u03b5\u03b9\u03c2 \u03c4\u03b7\u03c2 \u0395\u03c5\u03c1\u03c9\u03c0\u03b1\u03ca\u03ba\u03ae\u03c2 \u0388\u03bd\u03c9\u03c3\u03b7\u03c2 \u03ae \u03c4\u03bf\u03c5 \u0395\u03c5\u03c1\u03c9\u03c0\u03b1\u03ca\u03ba\u03bf\u03cd \u0395\u03ba\u03c4\u03b5\u03bb\u03b5\u03c3\u03c4\u03b9\u03ba\u03bf\u03cd \u039f\u03c1\u03b3\u03b1\u03bd\u03b9\u03c3\u03bc\u03bf\u03cd \u0395\u03ba\u03c0\u03b1\u03af\u03b4\u03b5\u03c5\u03c3\u03b7\u03c2 \u03ba\u03b1\u03b9 \u03a0\u03bf\u03bb\u03b9\u03c4\u03b9\u03c3\u03bc\u03bf\u03cd (EACEA). \u0397 \u0395\u03c5\u03c1\u03c9\u03c0\u03b1\u03ca\u03ba\u03ae \u0388\u03bd\u03c9\u03c3\u03b7 \u03ba\u03b1\u03b9 \u03bf EACEA \u03b4\u03b5\u03bd \u03bc\u03c0\u03bf\u03c1\u03bf\u03cd\u03bd \u03bd\u03b1 \u03b8\u03b5\u03c9\u03c1\u03b7\u03b8\u03bf\u03cd\u03bd \u03c5\u03c0\u03b5\u03cd\u03b8\u03c5\u03bd\u03bf\u03b9 \u03b3\u03b9\u03b1 \u03c4\u03b9\u03c2 \u03b5\u03ba\u03c6\u03c1\u03b1\u03b6\u03cc\u03bc\u03b5\u03bd\u03b5\u03c2 \u03b1\u03c0\u03cc\u03c8\u03b5\u03b9\u03c2.<\/td><\/tr><tr><td>EN<\/td><td>Funded by the European Union. Views and opinions expressed are however those of the author(s) only and do not necessarily reflect those of the European Union or the European Education and Culture Executive Agency (EACEA). Neither the European Union nor EACEA can be held responsible for them.<\/td><\/tr><tr><td>ES<\/td><td>Financiado por la Uni\u00f3n Europea. Las opiniones y puntos de vista expresados solo comprometen a su(s) autor(es) y no reflejan necesariamente los de la Uni\u00f3n Europea o los de la Agencia Ejecutiva Europea de Educaci\u00f3n y Cultura (EACEA). Ni la Uni\u00f3n Europea ni la EACEA pueden ser considerados responsables de ellos.<\/td><\/tr><tr><td>ET<\/td><td>Rahastatud Euroopa Liidu poolt. Avaldatud seisukohad ja arvamused on ainult autori(te) omad ega pruugi kajastada Euroopa Liidu v\u00f5i Euroopa Hariduse ja Kultuuri Rakendusameti (EACEA) seisukohti ja arvamusi. Euroopa Liit ega EACEA nende eest ei vastuta.<\/td><\/tr><tr><td>FI<\/td><td>Euroopan unionin rahoittama. Esitetyt n\u00e4kemykset ja mielipiteet ovat ainoastaan t\u00e4m\u00e4n tekstin laatijoiden n\u00e4kemyksi\u00e4 eiv\u00e4tk\u00e4 v\u00e4ltt\u00e4m\u00e4tt\u00e4 vastaa Euroopan unionin tai Euroopan koulutuksen ja kulttuurin toimeenpanovirasto (EACEA) kantaa. Euroopan unioni ja EACEA eiv\u00e4t ole vastuussa niist\u00e4.<\/td><\/tr><tr><td>FR<\/td><td>Financ\u00e9 par l\u2019Union europ\u00e9enne. Les points de vue et avis exprim\u00e9s n\u2019engagent toutefois que leur(s) auteur(s) et ne refl\u00e8tent pas n\u00e9cessairement ceux de l\u2019Union europ\u00e9enne ou de l\u2019Agence ex\u00e9cutive europ\u00e9enne pour l\u2019\u00e9ducation et la culture (EACEA). Ni l\u2019Union europ\u00e9enne ni l\u2019EACEA ne sauraient en \u00eatre tenues pour responsables.<\/td><\/tr><tr><td>GA<\/td><td>Arna mhaoini\u00fa ag an Aontas Eorpach. Is leis an \u00fadar\/na h\u00fadair amh\u00e1in na tuairim\u00ed agus na dearctha\u00ed a l\u00e9ir\u00edtear agus n\u00ed g\u00e1 gur l\u00e9iri\u00fa iad ar thuairim\u00ed agus dearctha\u00ed an Aontais Eorpaigh n\u00f3 na Gn\u00edomhaireachta Feidhmi\u00fach\u00e1in Eorpa\u00ed um Oideachas agus Cult\u00far (EACEA). N\u00ed f\u00e9idir freagracht a chur ar an Aontas Eorpach n\u00e1 ar an EACEA astu.<\/td><\/tr><tr><td>HR<\/td><td>Financirano sredstvima Europske unije. Izneseni stavovi i mi\u0161ljenja su stavovi i mi\u0161ljenja autora i ne moraju se podudarati sa stavovima i mi\u0161ljenjima Europske unije ili Europske izvr\u0161ne agencije za obrazovanje i kulturu (EACEA). Ni Europska unija ni EACEA ne mogu se smatrati odgovornima za njih.<\/td><\/tr><tr><td>HU<\/td><td>Az Eur\u00f3pai Uni\u00f3 finansz\u00edroz\u00e1s\u00e1val. Az itt szerepl\u0151 v\u00e9lem\u00e9nyek \u00e9s \u00e1ll\u00edt\u00e1sok a szerz\u0151(k) \u00e1ll\u00e1spontj\u00e1t t\u00fckr\u00f6zik, \u00e9s nem felt\u00e9tlen\u00fcl egyeznek meg az Eur\u00f3pai Uni\u00f3 vagy az Eur\u00f3pai Oktat\u00e1si \u00e9s Kultur\u00e1lis V\u00e9grehajt\u00f3 \u00dcgyn\u00f6ks\u00e9g (EACEA) hivatalos \u00e1ll\u00e1spontj\u00e1val. Sem az Eur\u00f3pai Uni\u00f3, sem az EACEA nem vonhat\u00f3 felel\u0151ss\u00e9gre miattuk.<\/td><\/tr><tr><td>IT<\/td><td>Finanziato dall&#8217;Unione europea. Le opinioni espresse appartengono, tuttavia, al solo o ai soli autori e non riflettono necessariamente le opinioni dell&#8217;Unione europea o dell\u2019Agenzia esecutiva europea per l\u2019istruzione e la cultura (EACEA). N\u00e9 l&#8217;Unione europea n\u00e9 l&#8217;EACEA possono esserne ritenute responsabili.<\/td><\/tr><tr><td>LT<\/td><td>Finansuojama Europos S\u0105jungos l\u0117\u0161omis. Ta\u010diau i\u0161rei\u0161kiamas po\u017ei\u016bris ar nuomon\u0117 yra tik autoriaus (-i\u0173) ir neb\u016btinai atspindi Europos S\u0105jungos ar Europos \u0161vietimo ir kult\u016bros vykdomosios \u012fstaigos (EACEA) po\u017ei\u016br\u012f ar nuomon\u0119. Nei Europos S\u0105junga, nei EACEA negali b\u016bti laikoma u\u017e juos atsakinga.<\/td><\/tr><tr><td>LV<\/td><td>Eiropas Savien\u012bbas finans\u0113ts. Paustie viedok\u013ci un uzskati atspogu\u013co autora(-u) person\u012bgos uzskatus un ne vienm\u0113r sakr\u012bt ar Eiropas Savien\u012bbas vai Eiropas Izgl\u012bt\u012bbas un Kult\u016bras izpilda\u0123ent\u016bras (EACEA) viedokli. Ne Eiropas Savien\u012bba, ne EACEA nenes atbild\u012bbu par paustajiem uzskatiem.<\/td><\/tr><tr><td>MT<\/td><td>Iffinanzjat mill-Unjoni Ewropea. Madankollu, il-fehmiet u l-opinjonijiet espressi huma dawk tal-awtur(i) biss u mhux ne\u010bessarjament jirriflettu dawk tal-Unjoni Ewropea jew tal-A\u0121enzija E\u017cekuttiva Ewropea g\u0127all-Edukazzjoni u g\u0127all-Kultura (EACEA). La l-Unjoni Ewropea u lanqas l-EACEA ma jistg\u0127u jin\u017cammu responsabbli g\u0127alihom.<\/td><\/tr><tr><td>NL<\/td><td>Gefinancierd door de Europese Unie. De hier geuite idee\u00ebn en meningen komen echter uitsluitend voor rekening van de auteur(s) en geven niet noodzakelijkerwijs die van de Europese Unie of het Europese Uitvoerende Agentschap onderwijs en cultuur (EACEA) weer. Noch de Europese Unie, noch het EACEA kan ervoor aansprakelijk worden gesteld.<\/td><\/tr><tr><td>PL<\/td><td>Sfinansowane ze \u015brodk\u00f3w UE. Wyra\u017cone pogl\u0105dy i opinie s\u0105 jedynie opiniami autora lub autor\u00f3w i niekoniecznie odzwierciedlaj\u0105 pogl\u0105dy i opinie Unii Europejskiej lub Europejskiej Agencji Wykonawczej ds. Edukacji i Kultury (EACEA). Unia Europejska ani EACEA nie ponosz\u0105 za nie odpowiedzialno\u015bci.<\/td><\/tr><tr><td>PT<\/td><td>Financiado pela Uni\u00e3o Europeia. Os pontos de vista e as opini\u00f5es expressas s\u00e3o as do(s) autor(es) e n\u00e3o refletem necessariamente a posi\u00e7\u00e3o da Uni\u00e3o Europeia ou da Ag\u00eancia de Execu\u00e7\u00e3o Europeia da Educa\u00e7\u00e3o e da Cultura (EACEA). Nem a Uni\u00e3o Europeia nem a EACEA podem ser tidos como respons\u00e1veis por essas opini\u00f5es.<\/td><\/tr><tr><td>RO<\/td><td>Finan\u021bat de Uniunea European\u0103. Punctele de vedere \u0219i opiniile exprimate apar\u021bin, \u00eens\u0103, exclusiv autorului (autorilor) \u0219i nu reflect\u0103 neap\u0103rat punctele de vedere \u0219i opiniile Uniunii Europene sau ale Agen\u021biei Executive Europene pentru Educa\u021bie \u0219i Cultur\u0103 (EACEA). Nici Uniunea European\u0103 \u0219i nici EACEA nu pot fi considerate r\u0103spunz\u0103toare pentru acestea.<\/td><\/tr><tr><td>SK<\/td><td>Financovan\u00e9 Eur\u00f3pskou \u00faniou. Vyjadren\u00e9 n\u00e1zory a postoje s\u00fa n\u00e1zormi a vyhl\u00e1seniami autora(-ov) a nemusia nevyhnutne odr\u00e1\u017ea\u0165 n\u00e1zory a stanovisk\u00e1 Eur\u00f3pskej \u00fanie alebo Eur\u00f3pskej v\u00fdkonnej agent\u00fary pre vzdel\u00e1vanie a kult\u00faru (EACEA). Eur\u00f3pska \u00fania ani EACEA za ne nepreberaj\u00fa \u017eiadnu zodpovednos\u0165.<\/td><\/tr><tr><td>SL<\/td><td>Financirano s strani Evropske unije. Izra\u017eena stali\u0161\u010da in mnenja so zgolj stali\u0161\u010da in mnenja avtorja(-ev) in ni nujno, da odra\u017eajo stali\u0161\u010da in mnenja Evropske unije ali Evropske izvajalske agencije za izobra\u017eevanje in kulturo (EACEA). Zanje ne moreta biti odgovorna niti Evropska unija niti EACEA.<\/td><\/tr><tr><td>SV<\/td><td>Finansieras av Europeiska unionen. De synpunkter och \u00e5sikter som uttrycks \u00e4r endast upphovsmannens [upphovsm\u00e4nnens] och utg\u00f6r inte Europeiska unionens eller Europeiska genomf\u00f6randeorganet f\u00f6r utbildning och kulturs (EACEA) officiella st\u00e5ndpunkt. Varken Europeiska unionen eller EACEA tar n\u00e5got ansvar f\u00f6r dessa.<\/td><\/tr><\/tbody><\/table><\/figure>\n","protected":false},"excerpt":{"rendered":"<p>Information according to \u00a7 5 TMG Rasmus Pechuel-Loesche Ingenious Knowledge GmbH VAT ID No.: DE272904032 Friedrich-Karl-Str. 200 50735 Cologne E-Mail: ceo [at] ingeniousknowledge.com Local court Cologne HRB 68816 Authorized representative: Rasmus Pechuel-Loesche Disclaimer of liability: Liability for content The content of our website has been created with the utmost care&#8230;.<\/p>\n","protected":false},"author":1,"featured_media":0,"parent":0,"menu_order":0,"comment_status":"closed","ping_status":"closed","template":"","meta":{"footnotes":""},"class_list":["post-14","page","type-page","status-publish","hentry"],"_links":{"self":[{"href":"https:\/\/gaming4coding.eduproject.eu\/index.php?rest_route=\/wp\/v2\/pages\/14","targetHints":{"allow":["GET"]}}],"collection":[{"href":"https:\/\/gaming4coding.eduproject.eu\/index.php?rest_route=\/wp\/v2\/pages"}],"about":[{"href":"https:\/\/gaming4coding.eduproject.eu\/index.php?rest_route=\/wp\/v2\/types\/page"}],"author":[{"embeddable":true,"href":"https:\/\/gaming4coding.eduproject.eu\/index.php?rest_route=\/wp\/v2\/users\/1"}],"replies":[{"embeddable":true,"href":"https:\/\/gaming4coding.eduproject.eu\/index.php?rest_route=%2Fwp%2Fv2%2Fcomments&post=14"}],"version-history":[{"count":3,"href":"https:\/\/gaming4coding.eduproject.eu\/index.php?rest_route=\/wp\/v2\/pages\/14\/revisions"}],"predecessor-version":[{"id":131,"href":"https:\/\/gaming4coding.eduproject.eu\/index.php?rest_route=\/wp\/v2\/pages\/14\/revisions\/131"}],"wp:attachment":[{"href":"https:\/\/gaming4coding.eduproject.eu\/index.php?rest_route=%2Fwp%2Fv2%2Fmedia&parent=14"}],"curies":[{"name":"wp","href":"https:\/\/api.w.org\/{rel}","templated":true}]}}